{"id":1237,"date":"2024-01-17T15:11:37","date_gmt":"2024-01-17T14:11:37","guid":{"rendered":"https:\/\/ovellanegraramblas.com\/politica-de-cookies\/"},"modified":"2024-03-15T13:06:39","modified_gmt":"2024-03-15T12:06:39","slug":"politica-de-cookies","status":"publish","type":"page","link":"https:\/\/ovellanegraramblas.com\/ca\/politica-de-cookies\/","title":{"rendered":"Pol\u00edtica de Cookies"},"content":{"rendered":"<p><strong>INTRODUCCI\u00d3\u00a0<\/strong><\/p>\n<p>El lloc web de <strong>FERNANDO BALLABRIGA NAT SLU<\/strong> utilitza cookies pr\u00f2pies i de tercers. Una cookie \u00e9s un fitxer que es descarrega al seu ordinador en accedir a determinades p\u00e0gines web. Les cookies permeten a una p\u00e0gina web, entre altres finalitats, assegurar el correcte funcionament de la p\u00e0gina, permetre a l\u2019Usuari un acc\u00e9s m\u00e9s r\u00e0pid als serveis seleccionats, emmagatzemar i recuperar informaci\u00f3 sobre els h\u00e0bits de navegaci\u00f3 d\u2019un usuari o del seu equip i fins i tot, depenent de la informaci\u00f3 que continguin i de la forma en qu\u00e8 utilitzi el seu equip, es poden utilitzar per recon\u00e8ixer l\u2019usuari. Les cookies s\u2019associen \u00fanicament a un usuari an\u00f2nim i al seu ordinador o dispositiu i no proporcionen refer\u00e8ncies que permetin con\u00e8ixer les seves dades personals, llevat que hi hagi un perm\u00eds expr\u00e9s d\u2019aquest.<\/p>\n<p>L\u2019usuari pot, en tot moment, acceptar o rebutjar les cookies instal\u00b7lades que no siguin estrictament necess\u00e0ries per al correcte funcionament del lloc web i l\u2019acc\u00e9s de l\u2019Usuari als seus serveis, a trav\u00e9s del panell d\u2019ajust de cookies proporcionat al nostre lloc web. A m\u00e9s, podr\u00e0 configurar el seu navegador en tot moment sense que aix\u00f2 perjudiqui la possibilitat de l\u2019usuari d\u2019accedir als continguts. No obstant aix\u00f2, l\u2019informem que el rebuig de les cookies pot disminuir el bon funcionament del lloc web.<\/p>\n<p><strong>COOKIES AFECTADES PER LA NORMATIVA I COOKIES EXEMPTES\u00a0<\/strong><\/p>\n<p>Segons la directiva de la UE, les cookies que requereixen el consentiment informat per part de l\u2019usuari s\u00f3n les cookies d\u2019an\u00e0lisi, les de publicitat i afiliaci\u00f3, quedant excloses les de car\u00e0cter t\u00e8cnic i les necess\u00e0ries per al funcionament del lloc web o la prestaci\u00f3 de serveis expressament sol\u00b7licitats per l\u2019usuari.<\/p>\n<p><strong>TIPUS DE COOKIES\u00a0<\/strong><\/p>\n<p>a) Segons l\u2019entitat que les gestioni, hi ha Cookies pr\u00f2pies (aquelles que s\u2019envien a l\u2019equip terminal de l\u2019usuari des d\u2019un equip o domini gestionat pel propi editor i des del qual es presta el servei sol\u00b7licitat per l\u2019usuari) i de tercers (les que s\u2019envien a l\u2019equip terminal de l\u2019usuari des d\u2019un equip o domini que no \u00e9s gestionat per l\u2019editor, sin\u00f3 per una altra entitat que tracta les dades obtingudes mitjan\u00e7ant les cookies).<\/p>\n<p>b) Segons el temps que romanen actives, hi ha les de sessi\u00f3 (dissenyades per demanar i emmagatzemar dades mentre l\u2019usuari accedeix a una p\u00e0gina web) i les persistents (en qu\u00e8 les dades s\u2019emmagatzemen en el terminal i poden ser accedides i tractades durant un per\u00edode definit pel responsable de la cookie \u2013 pot anar d\u2019uns minuts a diversos anys).<\/p>\n<p>c) Segons la finalitat per a la qual tracten la informaci\u00f3 que recullen, poden ser:<\/p>\n<p>\u2013 Cookies t\u00e8cniques (necess\u00e0ries per a l\u2019\u00fas del lloc web i la prestaci\u00f3 del servei contractat),<\/p>\n<p>\u2013 Cookies de personalitzaci\u00f3 (que permeten a l\u2019usuari accedir al servei amb caracter\u00edstiques predefinides, com ara l\u2019idioma, el tipus de navegador, la configuraci\u00f3 regional, etc.),<\/p>\n<p>\u2013 Cookies d\u2019an\u00e0lisi (recullen informaci\u00f3 de l\u2019\u00fas que es fa del lloc web),<\/p>\n<p>\u2013 Cookies publicit\u00e0ries (recullen informaci\u00f3 sobre les prefer\u00e8ncies i eleccions personals dels usuaris),<\/p>\n<p>\u2013 Cookies d\u2019afiliats (que permeten fer un seguiment de les visites provinents d\u2019altres webs, amb les quals el lloc web estableix un contracte d\u2019afiliaci\u00f3).<\/p>\n<p><strong>TIPUS DE COOKIES UTILITZADES PER A AQUEST LLOC WEB\u00a0<\/strong><\/p>\n<table>\n<tbody>\n<tr>\n<td>Nom<\/td>\n<td>Finalitat<\/td>\n<td>Caducitat<\/td>\n<td>Prove\u00efdor<\/td>\n<\/tr>\n<tr>\n<td>Analytics<\/td>\n<td>Recollir les dades del tr\u00e0nsit intern de la web www.ovellanegraramblas.com<\/td>\n<td>14\u00a0mesos<\/td>\n<td>Google<\/td>\n<\/tr>\n<\/tbody>\n<\/table>\n<h2><\/h2>\n<p><strong>REVOGACI\u00d3\u00a0<\/strong><\/p>\n<p>En tot moment podr\u00e0 accedir a la configuraci\u00f3 del seu navegador acceptant o rebutjant totes les cookies, o b\u00e9 seleccionar aquelles que l\u2019instal\u00b7laci\u00f3 admet i les que no, seguint un dels seg\u00fcents procediments, que dep\u00e8n del navegador que utilitzi:<\/p>\n<p>Google Chrome (al Men\u00fa Eines):<\/p>\n<p>Configuraci\u00f3&gt; Mostra opcions avan\u00e7ades&gt; Privacitat (Configuraci\u00f3 de contingut)&gt; Cookies:<\/p>\n<p><a href=\"https:\/\/support.google.com\/chrome\/answer\/95647?co=GENIE.Platform%3DDesktop&amp;hl=es\">https:\/\/support.google.com\/chrome\/answer\/95647?co=GENIE.Platform%3DDesktop&amp;hl=es<\/a><\/p>\n<p>Microsoft Edge (al Men\u00fa Configuraci\u00f3):<\/p>\n<p>Configuraci\u00f3&gt; Cookies i permisos del lloc:<\/p>\n<p>edge:\/\/settings\/content\/cookies<\/p>\n<p>Firefox:<\/p>\n<p>Opcions&gt; Privacitat&gt; Cookies:<\/p>\n<p><a href=\"https:\/\/support.mozilla.org\/es\/kb\/habilitar-y-deshabilitar-cookies-sitios-web-rastrear-preferencias\">https:\/\/support.mozilla.org\/es\/kb\/habilitar-y-deshabilitar-cookies-sitios-web-rastrear-preferencias<\/a><\/p>\n<p>Safari, iPad i iPhone:<\/p>\n<p>Prefer\u00e8ncies&gt; Privadesa<\/p>\n<p><a href=\"https:\/\/support.apple.com\/kb\/ph21411?locale=es_ES\">https:\/\/support.apple.com\/kb\/ph21411?locale=es_ES<\/a><\/p>\n<p>Opera:<\/p>\n<p>Configuraci\u00f3&gt; Opcions&gt; Avan\u00e7at&gt; Cookies<\/p>\n<p><a href=\"http:\/\/help.opera.com\/Windows\/12.00\/es-ES\/cookies.html\">http:\/\/help.opera.com\/Windows\/12.00\/es-ES\/cookies.html<\/a><\/p>\n<p>Aquests navegadors estan subjectes a canvis o modificacions, per la qual cosa no podem garantir que s\u2019ajustin completament a la versi\u00f3 del seu navegador. Tamb\u00e9 pot ser que utilitzi un altre navegador no contemplat en aquests enlla\u00e7os com ara Konqueror, Arora, Flock, etc. Per evitar aquests desajustos, pot accedir directament des de les opcions del seu navegador, generalment al men\u00fa \u201cOpcions\u201d a la secci\u00f3 de \u201cPrivadesa\u201d. (Si us plau, consulteu l\u2019ajuda del seu navegador per obtenir m\u00e9s informaci\u00f3).<\/p>\n<p><strong>CANVIS EN LA PRESENT POL\u00cdTICA DE COOKIES\u00a0<\/strong><\/p>\n<p>FERNANDO BALLABRIGA NAT SLU es reserva el dret a modificar la present pol\u00edtica per adaptar-la a novetats legislatives o jurisprudencials.<\/p>\n<p><strong>DESACTIVACI\u00d3 \/ ACTIVACI\u00d3 I ELIMINACI\u00d3 DE COOKIES\u00a0<\/strong><\/p>\n<p>Per restringir o bloquejar les cookies, es fa a trav\u00e9s de la configuraci\u00f3 del navegador.<\/p>\n<p>Si no desitja que els llocs web posin cap cookie al seu equip, pot adaptar la configuraci\u00f3 del navegador de manera que se li notifiqui abans que es posi cap cookie. De la mateixa manera, pot adaptar la configuraci\u00f3 de manera que el navegador rebutgi totes les cookies, o \u00fanicament les cookies de tercers. Tamb\u00e9 pot eliminar qualsevol de les cookies que ja es trobin a l\u2019equip. Recordi que haur\u00e0 d\u2019adaptar per separat la configuraci\u00f3 de cada navegador i equip que utilitzi.<\/p>\n<p>Recordi que si no desitja rebre cookies, ja no podrem garantir que el nostre lloc web funcioni com cal. Potser algunes funcions del lloc es perdran i \u00e9s possible que ja no pugui veure certs llocs web. A m\u00e9s, si rebutja les cookies no vol dir que ja no veur\u00e0 anuncis publicitaris. Simplement, els anuncis no s\u2019ajustaran als seus interessos i es repetiran amb m\u00e9s freq\u00fc\u00e8ncia.<\/p>\n<p>Cada navegador t\u00e9 un m\u00e8tode diferent per adaptar la configuraci\u00f3. Si \u00e9s necessari, consulteu la funci\u00f3 d\u2019ajuda del navegador per establir la configuraci\u00f3 correcta.<\/p>\n<p>Per desactivar les cookies al tel\u00e8fon m\u00f2bil, consulteu el manual del dispositiu per obtenir m\u00e9s informaci\u00f3.<\/p>\n<p>Podeu obtenir m\u00e9s informaci\u00f3 sobre les cookies a Internet,<a href=\"http:\/\/www.aboutcookies.org\/\">\u00a0http:\/\/www.aboutcookies.org\/<\/a>.<\/p>\n<p>Tenint en compte la forma en qu\u00e8 funciona Internet i els llocs web, no sempre comptem amb informaci\u00f3 de les cookies que posen terceres parts a trav\u00e9s del nostre lloc web. Aix\u00f2 s\u2019aplica especialment als casos en qu\u00e8 la p\u00e0gina web cont\u00e9 el que es denomina elements integrats: textos, documents, imatges o breus pel\u00b7l\u00edcules que es desen en un altre lloc, per\u00f2 es mostren al nostre lloc web o mitjan\u00e7ant el mateix.<\/p>\n<p>Per tant, en cas que es trobi amb aquest tipus de cookies en aquest lloc web i no estiguin llistades en la llista anterior, li preguem que ens ho comuniqui. O b\u00e9 posis en contacte directament amb el tercer per demanar-li informaci\u00f3 sobre les cookies que posa, la finalitat i la durada de la cookie, i com ha garantit la seva privacitat.<\/p>\n<p><strong>INFORMACI\u00d3 RELACIONADA AMB EL TRACTAMENT DE DADES PERSONALS (ART.13 RGPD)<\/strong><\/p>\n<p><strong>Qui \u00e9s el responsable del tractament de les seves dades personals?<\/strong><\/p>\n<p>FERNANDO BALLABRIGA NAT SLU \u00e9s el responsable del tractament de les dades personals que vost\u00e8 ens proporciona, situat a c\/ Sitges, 5, 08001, Barcelona, amb CIF B-62626643, tel\u00e8fon 933 171 087 i correu de contacte rgpd@ovellanegra.net<\/p>\n<p><strong>Per a qu\u00e8 utilitzem les seves dades personals?\u00a0<\/strong><\/p>\n<p>La informaci\u00f3 recopilada a trav\u00e9s de les cookies pr\u00f2pies (cookies de sessi\u00f3 i d\u2019entrada d\u2019usuari) solen utilitzar-se per fer un seguiment de les accions de l\u2019usuari en omplir els formularis en l\u00ednia en diverses p\u00e0gines, o com a cistell de la compra per fer el seguiment dels articles que l\u2019usuari ha seleccionat en pr\u00e9mer un bot\u00f3, o per personalitzar la interf\u00edcie de l\u2019usuari en visitar la p\u00e0gina web.<\/p>\n<p><strong>La informaci\u00f3 recopilada a trav\u00e9s de les cookies de tercers \u00e9s la seg\u00fcent:<\/strong><\/p>\n<p>A trav\u00e9s de les cookies anal\u00edtiques s\u2019analitzen els seus h\u00e0bits de navegaci\u00f3 per millorar els serveis prestats; A trav\u00e9s de les cookies comportamentals es recull informaci\u00f3 sobre les prefer\u00e8ncies de l\u2019usuari per gestionar els espais publicitaris de la forma m\u00e9s efica\u00e7 possible; i A trav\u00e9s de les cookies publicit\u00e0ries es mesura el rendiment dels anuncis i es proporcionen recomanacions relatives a productes basades en dades estad\u00edstiques. Per veure exactament l\u2019\u00fas de les cookies vegeu el quadre sobre l\u2019\u00fas de les cookies en aquest lloc web.<\/p>\n<p><strong>Quina \u00e9s la base legal per al tractament de les seves dades personals?<\/strong><\/p>\n<p>La legitimaci\u00f3 per al tractament de les seves dades personals ve donada pel seu consentiment, atorgat en el moment de posar-se en contacte amb nosaltres, per a la utilitzaci\u00f3 de cookies anal\u00edtiques, comportamentals i publicit\u00e0ries; per a les cookies de sessi\u00f3 o personalitzaci\u00f3, la legitimaci\u00f3 per al tractament ve donada per l\u2019inter\u00e8s leg\u00edtim del prestador (responsable del tractament).<\/p>\n<p><strong>A qui comuniquem les seves dades?<\/strong><\/p>\n<p>No es cediran ni es comunicaran dades a tercers, llevat per obligaci\u00f3 legal o als tercers indicats en el cas d\u2019\u00fas de cookies gestionades per aquests.<\/p>\n<p><strong>Quin \u00e9s el termini de conservaci\u00f3 de les seves dades?<\/strong><\/p>\n<p>El termini de conservaci\u00f3 de les dades recollides \u00e9s el indicat al quadre sobre l\u2019\u00fas de les cookies en aquest lloc web.<\/p>\n<p><strong>Quins s\u00f3n els seus drets?\u00a0<\/strong><\/p>\n<p>Els drets que amparen a l\u2019usuari s\u00f3n els d\u2019acc\u00e9s, rectificaci\u00f3, supressi\u00f3, portabilitat dels mateixos, retirada del consentiment (sense que aix\u00f2 afecti a la llicitud del tractament atorgat pr\u00e8viament a la seva retirada), oposici\u00f3 al tractament, limitaci\u00f3 (en determinades circumst\u00e0ncies) i a presentar una reclamaci\u00f3 davant l\u2019autoritat de control (l\u2019Ag\u00e8ncia Espanyola de protecci\u00f3 de dades,\u00a0<a href=\"http:\/\/www.aepd.es\/\">www.aepd.es<\/a>).<\/p>\n","protected":false},"excerpt":{"rendered":"<p>INTRODUCCI\u00d3\u00a0 El lloc web de FERNANDO BALLABRIGA NAT SLU utilitza cookies pr\u00f2pies i de tercers. Una cookie \u00e9s un fitxer que es descarrega al seu ordinador en accedir a determinades [&hellip;]<\/p>\n","protected":false},"author":1,"featured_media":0,"parent":0,"menu_order":0,"comment_status":"closed","ping_status":"closed","template":"","meta":{"footnotes":""},"class_list":["post-1237","page","type-page","status-publish","hentry"],"yoast_head":"<!-- This site is optimized with the Yoast SEO plugin v27.3 - https:\/\/yoast.com\/product\/yoast-seo-wordpress\/ -->\n<title>Pol\u00edtica de Cookies - Oveja Negra Ramblas<\/title>\n<meta name=\"robots\" content=\"index, follow, max-snippet:-1, max-image-preview:large, max-video-preview:-1\" \/>\n<link rel=\"canonical\" href=\"https:\/\/ovellanegraramblas.com\/ca\/politica-de-cookies\/\" \/>\n<meta property=\"og:locale\" content=\"ca_ES\" \/>\n<meta property=\"og:type\" content=\"article\" \/>\n<meta property=\"og:title\" content=\"Pol\u00edtica de Cookies - Oveja Negra Ramblas\" \/>\n<meta property=\"og:description\" content=\"INTRODUCCI\u00d3\u00a0 El lloc web de FERNANDO BALLABRIGA NAT SLU utilitza cookies pr\u00f2pies i de tercers. Una cookie \u00e9s un fitxer que es descarrega al seu ordinador en accedir a determinades [&hellip;]\" \/>\n<meta property=\"og:url\" content=\"https:\/\/ovellanegraramblas.com\/ca\/politica-de-cookies\/\" \/>\n<meta property=\"og:site_name\" content=\"Oveja Negra Ramblas\" \/>\n<meta property=\"article:modified_time\" content=\"2024-03-15T12:06:39+00:00\" \/>\n<meta name=\"twitter:card\" content=\"summary_large_image\" \/>\n<meta name=\"twitter:label1\" content=\"Temps estimat de lectura\" \/>\n\t<meta name=\"twitter:data1\" content=\"7 minuts\" \/>\n<script type=\"application\/ld+json\" class=\"yoast-schema-graph\">{\"@context\":\"https:\\\/\\\/schema.org\",\"@graph\":[{\"@type\":\"WebPage\",\"@id\":\"https:\\\/\\\/ovellanegraramblas.com\\\/ca\\\/politica-de-cookies\\\/\",\"url\":\"https:\\\/\\\/ovellanegraramblas.com\\\/ca\\\/politica-de-cookies\\\/\",\"name\":\"Pol\u00edtica de Cookies - Oveja Negra Ramblas\",\"isPartOf\":{\"@id\":\"https:\\\/\\\/ovellanegraramblas.com\\\/ca\\\/#website\"},\"datePublished\":\"2024-01-17T14:11:37+00:00\",\"dateModified\":\"2024-03-15T12:06:39+00:00\",\"breadcrumb\":{\"@id\":\"https:\\\/\\\/ovellanegraramblas.com\\\/ca\\\/politica-de-cookies\\\/#breadcrumb\"},\"inLanguage\":\"ca\",\"potentialAction\":[{\"@type\":\"ReadAction\",\"target\":[\"https:\\\/\\\/ovellanegraramblas.com\\\/ca\\\/politica-de-cookies\\\/\"]}]},{\"@type\":\"BreadcrumbList\",\"@id\":\"https:\\\/\\\/ovellanegraramblas.com\\\/ca\\\/politica-de-cookies\\\/#breadcrumb\",\"itemListElement\":[{\"@type\":\"ListItem\",\"position\":1,\"name\":\"Portada\",\"item\":\"https:\\\/\\\/ovellanegraramblas.com\\\/ca\\\/inici\\\/\"},{\"@type\":\"ListItem\",\"position\":2,\"name\":\"Pol\u00edtica de Cookies\"}]},{\"@type\":\"WebSite\",\"@id\":\"https:\\\/\\\/ovellanegraramblas.com\\\/ca\\\/#website\",\"url\":\"https:\\\/\\\/ovellanegraramblas.com\\\/ca\\\/\",\"name\":\"Oveja Negra Ramblas\",\"description\":\"\",\"potentialAction\":[{\"@type\":\"SearchAction\",\"target\":{\"@type\":\"EntryPoint\",\"urlTemplate\":\"https:\\\/\\\/ovellanegraramblas.com\\\/ca\\\/?s={search_term_string}\"},\"query-input\":{\"@type\":\"PropertyValueSpecification\",\"valueRequired\":true,\"valueName\":\"search_term_string\"}}],\"inLanguage\":\"ca\"}]}<\/script>\n<!-- \/ Yoast SEO plugin. -->","yoast_head_json":{"title":"Pol\u00edtica de Cookies - Oveja Negra Ramblas","robots":{"index":"index","follow":"follow","max-snippet":"max-snippet:-1","max-image-preview":"max-image-preview:large","max-video-preview":"max-video-preview:-1"},"canonical":"https:\/\/ovellanegraramblas.com\/ca\/politica-de-cookies\/","og_locale":"ca_ES","og_type":"article","og_title":"Pol\u00edtica de Cookies - Oveja Negra Ramblas","og_description":"INTRODUCCI\u00d3\u00a0 El lloc web de FERNANDO BALLABRIGA NAT SLU utilitza cookies pr\u00f2pies i de tercers. Una cookie \u00e9s un fitxer que es descarrega al seu ordinador en accedir a determinades [&hellip;]","og_url":"https:\/\/ovellanegraramblas.com\/ca\/politica-de-cookies\/","og_site_name":"Oveja Negra Ramblas","article_modified_time":"2024-03-15T12:06:39+00:00","twitter_card":"summary_large_image","twitter_misc":{"Temps estimat de lectura":"7 minuts"},"schema":{"@context":"https:\/\/schema.org","@graph":[{"@type":"WebPage","@id":"https:\/\/ovellanegraramblas.com\/ca\/politica-de-cookies\/","url":"https:\/\/ovellanegraramblas.com\/ca\/politica-de-cookies\/","name":"Pol\u00edtica de Cookies - Oveja Negra Ramblas","isPartOf":{"@id":"https:\/\/ovellanegraramblas.com\/ca\/#website"},"datePublished":"2024-01-17T14:11:37+00:00","dateModified":"2024-03-15T12:06:39+00:00","breadcrumb":{"@id":"https:\/\/ovellanegraramblas.com\/ca\/politica-de-cookies\/#breadcrumb"},"inLanguage":"ca","potentialAction":[{"@type":"ReadAction","target":["https:\/\/ovellanegraramblas.com\/ca\/politica-de-cookies\/"]}]},{"@type":"BreadcrumbList","@id":"https:\/\/ovellanegraramblas.com\/ca\/politica-de-cookies\/#breadcrumb","itemListElement":[{"@type":"ListItem","position":1,"name":"Portada","item":"https:\/\/ovellanegraramblas.com\/ca\/inici\/"},{"@type":"ListItem","position":2,"name":"Pol\u00edtica de Cookies"}]},{"@type":"WebSite","@id":"https:\/\/ovellanegraramblas.com\/ca\/#website","url":"https:\/\/ovellanegraramblas.com\/ca\/","name":"Oveja Negra Ramblas","description":"","potentialAction":[{"@type":"SearchAction","target":{"@type":"EntryPoint","urlTemplate":"https:\/\/ovellanegraramblas.com\/ca\/?s={search_term_string}"},"query-input":{"@type":"PropertyValueSpecification","valueRequired":true,"valueName":"search_term_string"}}],"inLanguage":"ca"}]}},"_links":{"self":[{"href":"https:\/\/ovellanegraramblas.com\/ca\/wp-json\/wp\/v2\/pages\/1237","targetHints":{"allow":["GET"]}}],"collection":[{"href":"https:\/\/ovellanegraramblas.com\/ca\/wp-json\/wp\/v2\/pages"}],"about":[{"href":"https:\/\/ovellanegraramblas.com\/ca\/wp-json\/wp\/v2\/types\/page"}],"author":[{"embeddable":true,"href":"https:\/\/ovellanegraramblas.com\/ca\/wp-json\/wp\/v2\/users\/1"}],"replies":[{"embeddable":true,"href":"https:\/\/ovellanegraramblas.com\/ca\/wp-json\/wp\/v2\/comments?post=1237"}],"version-history":[{"count":3,"href":"https:\/\/ovellanegraramblas.com\/ca\/wp-json\/wp\/v2\/pages\/1237\/revisions"}],"predecessor-version":[{"id":1337,"href":"https:\/\/ovellanegraramblas.com\/ca\/wp-json\/wp\/v2\/pages\/1237\/revisions\/1337"}],"wp:attachment":[{"href":"https:\/\/ovellanegraramblas.com\/ca\/wp-json\/wp\/v2\/media?parent=1237"}],"curies":[{"name":"wp","href":"https:\/\/api.w.org\/{rel}","templated":true}]}}