{"id":1249,"date":"2017-10-13T16:47:17","date_gmt":"2017-10-13T15:47:17","guid":{"rendered":"https:\/\/ovellanegraramblas.com\/reservas\/"},"modified":"2024-03-15T13:09:53","modified_gmt":"2024-03-15T12:09:53","slug":"reserves","status":"publish","type":"page","link":"https:\/\/ovellanegraramblas.com\/ca\/reserves\/","title":{"rendered":"Reserves"},"content":{"rendered":"\n<style type=\"text\/css\" data-created_by=\"avia_inline_auto\" id=\"style-css-av-5ekza5-176925ef388c5bcb89ff80f05e46c846\">\n.avia-section.av-5ekza5-176925ef388c5bcb89ff80f05e46c846{\nbackground-repeat:no-repeat;\nbackground-image:url(https:\/\/ovellanegraramblas.com\/wp-content\/uploads\/2024\/01\/reservas.jpg);\nbackground-position:50% 50%;\nbackground-attachment:scroll;\n}\n.avia-section.av-5ekza5-176925ef388c5bcb89ff80f05e46c846 .av-section-color-overlay{\nopacity:0.4;\nbackground-color:#000000;\n}\n<\/style>\n<div id='av_section_1'  class='avia-section av-5ekza5-176925ef388c5bcb89ff80f05e46c846 main_color avia-section-huge avia-no-border-styling  avia-builder-el-0  el_before_av_section  avia-builder-el-first  avia-full-stretch avia-bg-style-scroll av-section-color-overlay-active container_wrap fullsize'  data-section-bg-repeat='stretch'><div class=\"av-section-color-overlay-wrap\"><div class=\"av-section-color-overlay\"><\/div><div class='container av-section-cont-open' ><main  role=\"main\" itemprop=\"mainContentOfPage\"  class='template-page content  av-content-full alpha units'><div class='post-entry post-entry-type-page post-entry-1249'><div class='entry-content-wrapper clearfix'>\n\n<style type=\"text\/css\" data-created_by=\"avia_inline_auto\" id=\"style-css-av-lrhvbsxw-99c80b4f2b804b4f1e987f147ae3c9ec\">\n#top .av-special-heading.av-lrhvbsxw-99c80b4f2b804b4f1e987f147ae3c9ec{\npadding-bottom:0;\nfont-size:90px;\n}\nbody .av-special-heading.av-lrhvbsxw-99c80b4f2b804b4f1e987f147ae3c9ec .av-special-heading-tag .heading-char{\nfont-size:25px;\n}\n#top #wrap_all .av-special-heading.av-lrhvbsxw-99c80b4f2b804b4f1e987f147ae3c9ec .av-special-heading-tag{\nfont-size:90px;\n}\n.av-special-heading.av-lrhvbsxw-99c80b4f2b804b4f1e987f147ae3c9ec .av-subheading{\nfont-size:15px;\n}\n\n@media only screen and (min-width: 480px) and (max-width: 767px){ \n#top #wrap_all .av-special-heading.av-lrhvbsxw-99c80b4f2b804b4f1e987f147ae3c9ec .av-special-heading-tag{\nfont-size:0.8em;\n}\n}\n\n@media only screen and (max-width: 479px){ \n#top #wrap_all .av-special-heading.av-lrhvbsxw-99c80b4f2b804b4f1e987f147ae3c9ec .av-special-heading-tag{\nfont-size:0.8em;\n}\n}\n<\/style>\n<div  class='av-special-heading av-lrhvbsxw-99c80b4f2b804b4f1e987f147ae3c9ec av-special-heading-h3 blockquote modern-quote modern-centered  avia-builder-el-1  avia-builder-el-no-sibling  av-inherit-size'><h3 class='av-special-heading-tag'  itemprop=\"headline\"  >Reserves<\/h3><div class=\"special-heading-border\"><div class=\"special-heading-inner-border\"><\/div><\/div><\/div>\n\n<\/div><\/div><\/main><!-- close content main element --><\/div><\/div><\/div>\n<style type=\"text\/css\" data-created_by=\"avia_inline_auto\" id=\"style-css-av-58veth-014abdc436642ffff858760ddfaaa83e\">\n.avia-section.av-58veth-014abdc436642ffff858760ddfaaa83e .av-section-color-overlay{\nopacity:0.7;\nbackground-color:#000000;\nbackground-image:url(https:\/\/ovellanegraramblas.com\/wp-content\/themes\/enfold\/images\/background-images\/grunge-big-light.png);\nbackground-repeat:repeat;\n}\n<\/style>\n<div id='av_section_2'  class='avia-section av-58veth-014abdc436642ffff858760ddfaaa83e main_color avia-section-huge avia-no-border-styling  avia-builder-el-2  el_after_av_section  avia-builder-el-last  avia-bg-style-scroll av-section-color-overlay-active container_wrap fullsize'  ><div class=\"av-section-color-overlay-wrap\"><div class=\"av-section-color-overlay\"><\/div><div class='container av-section-cont-open' ><div class='template-page content  av-content-full alpha units'><div class='post-entry post-entry-type-page post-entry-1249'><div class='entry-content-wrapper clearfix'>\n<div class='flex_column av-522311-50bb3045312a91f48626cb669708f8c5 av_one_full  avia-builder-el-3  el_before_av_one_half  avia-builder-el-first  first flex_column_div '     ><p>\n<style type=\"text\/css\" data-created_by=\"avia_inline_auto\" id=\"style-css-av-lrhvdx55-fca5e69f6fb1ac173a077fb7535eed2e\">\n#top .av-special-heading.av-lrhvdx55-fca5e69f6fb1ac173a077fb7535eed2e{\npadding-bottom:10px;\n}\nbody .av-special-heading.av-lrhvdx55-fca5e69f6fb1ac173a077fb7535eed2e .av-special-heading-tag .heading-char{\nfont-size:25px;\n}\n.av-special-heading.av-lrhvdx55-fca5e69f6fb1ac173a077fb7535eed2e .av-subheading{\nfont-size:15px;\n}\n<\/style>\n<div  class='av-special-heading av-lrhvdx55-fca5e69f6fb1ac173a077fb7535eed2e av-special-heading-h2 blockquote modern-quote modern-centered  avia-builder-el-4  el_before_av_image  avia-builder-el-first '><h2 class='av-special-heading-tag'  itemprop=\"headline\"  >Menu<\/h2><div class=\"special-heading-border\"><div class=\"special-heading-inner-border\"><\/div><\/div><\/div><br \/>\n\n<style type=\"text\/css\" data-created_by=\"avia_inline_auto\" id=\"style-css-av-lrhvczvj-3dc268935e5f99fb57d63e77ef45390c\">\n.avia-image-container.av-lrhvczvj-3dc268935e5f99fb57d63e77ef45390c img.avia_image{\nbox-shadow:none;\n}\n.avia-image-container.av-lrhvczvj-3dc268935e5f99fb57d63e77ef45390c .av-image-caption-overlay-center{\ncolor:#ffffff;\n}\n<\/style>\n<div  class='avia-image-container av-lrhvczvj-3dc268935e5f99fb57d63e77ef45390c av-styling- avia-align-center  avia-builder-el-5  el_after_av_heading  el_before_av_hr '   itemprop=\"image\" itemscope=\"itemscope\" itemtype=\"https:\/\/schema.org\/ImageObject\" ><div class=\"avia-image-container-inner\"><div class=\"avia-image-overlay-wrap\"><a href=\"https:\/\/ovellanegraramblas.com\/wp-content\/uploads\/2024\/01\/CARTA_RAMBLAS_2023_.pdf\" class='avia_image' target=\"_blank\" rel=\"noopener noreferrer\"><img decoding=\"async\" class='wp-image-814 avia-img-lazy-loading-not-814 avia_image ' src=\"https:\/\/ovellanegraramblas.com\/wp-content\/uploads\/2024\/01\/restaurante-1-80x80-1.png\" alt='' title=''  height=\"80\" width=\"80\"  itemprop=\"thumbnailUrl\" srcset=\"https:\/\/ovellanegraramblas.com\/wp-content\/uploads\/2024\/01\/restaurante-1-80x80-1.png 80w, https:\/\/ovellanegraramblas.com\/wp-content\/uploads\/2024\/01\/restaurante-1-80x80-1-36x36.png 36w\" sizes=\"(max-width: 80px) 100vw, 80px\" \/><\/a><\/div><\/div><\/div><br \/>\n\n<style type=\"text\/css\" data-created_by=\"avia_inline_auto\" id=\"style-css-av-lrhvetei-ae26eba9fdc122f60c4584acff5bff92\">\n#top .hr.hr-invisible.av-lrhvetei-ae26eba9fdc122f60c4584acff5bff92{\nheight:50px;\n}\n<\/style>\n<div  class='hr av-lrhvetei-ae26eba9fdc122f60c4584acff5bff92 hr-invisible  avia-builder-el-6  el_after_av_image  avia-builder-el-last '><span class='hr-inner '><span class=\"hr-inner-style\"><\/span><\/span><\/div><\/p><\/div><div class='flex_column av-188g79-35ebe46817a3d562ecdc2e72f0af9873 av_one_half  avia-builder-el-7  el_after_av_one_full  el_before_av_one_half  first flex_column_div column-top-margin'     ><p>\n<style type=\"text\/css\" data-created_by=\"avia_inline_auto\" id=\"style-css-av-lrhviuc7-6bc742a2597637216ac015f828cec56b\">\n#top .av-special-heading.av-lrhviuc7-6bc742a2597637216ac015f828cec56b{\npadding-bottom:10px;\n}\nbody .av-special-heading.av-lrhviuc7-6bc742a2597637216ac015f828cec56b .av-special-heading-tag .heading-char{\nfont-size:25px;\n}\n.av-special-heading.av-lrhviuc7-6bc742a2597637216ac015f828cec56b .av-subheading{\nfont-size:15px;\n}\n<\/style>\n<div  class='av-special-heading av-lrhviuc7-6bc742a2597637216ac015f828cec56b av-special-heading-h2 blockquote modern-quote  avia-builder-el-8  el_before_av_textblock  avia-builder-el-first '><h2 class='av-special-heading-tag'  itemprop=\"headline\"  >Reservar taula<\/h2><div class=\"special-heading-border\"><div class=\"special-heading-inner-border\"><\/div><\/div><\/div><br \/>\n<section  class='av_textblock_section av-lrhvjqe5-25412883dbf89bf41d2c519cf0b6b71e'  itemscope=\"itemscope\" itemtype=\"https:\/\/schema.org\/CreativeWork\" ><div class='avia_textblock'  itemprop=\"text\" ><p>Horari habitual de reserves de taula: (pot variar en festius i esdeveniments)<\/p>\n<blockquote>\n<p>De diumenge a dijous fins a les 21:00h<\/p>\n<p>Divendres i dissabte fins a les 20:00h<\/p>\n<\/blockquote>\n<p>Per reservar taula pots contactar de dilluns a dissabte de 09:00 a 16:00 al nostre tel\u00e8fon de reserves 626315371 (preferiblement whatsapp)<\/p>\n<p>Reserva amb un m\u00e0xim d\u2019una setmana d\u2019antelaci\u00f3.<\/p>\n<section class=\"av_textblock_section av-lmoya1ux-c4fe4d14a165f0db442a40330f3e0b8a\">\n<div class=\"avia_textblock\">\n<p><strong>Fes clic a la icona per reservar taula mitjan\u00e7ant WhatsApp<\/strong><\/p>\n<\/div>\n<\/section>\n<div class=\"hr av-lo732mdn-f071d5232841fd2f6a0f87ebda3e2bb8 hr-invisible avia-builder-el-14 el_after_av_textblock el_before_av_image av-small-hide av-mini-hide\"><\/div>\n<\/div><\/section><br \/>\n\n<style type=\"text\/css\" data-created_by=\"avia_inline_auto\" id=\"style-css-av-157p2t-cce456a87a191b8c31081ce7d73ec274\">\n#top .hr.hr-invisible.av-157p2t-cce456a87a191b8c31081ce7d73ec274{\nheight:50px;\n}\n<\/style>\n<div  class='hr av-157p2t-cce456a87a191b8c31081ce7d73ec274 hr-invisible  avia-builder-el-10  el_after_av_textblock  el_before_av_image '><span class='hr-inner '><span class=\"hr-inner-style\"><\/span><\/span><\/div><br \/>\n\n<style type=\"text\/css\" data-created_by=\"avia_inline_auto\" id=\"style-css-av-lrhvkgnz-c56297e3330f73984ef10bdd76c65733\">\n.avia-image-container.av-lrhvkgnz-c56297e3330f73984ef10bdd76c65733 img.avia_image{\nbox-shadow:none;\n}\n.avia-image-container.av-lrhvkgnz-c56297e3330f73984ef10bdd76c65733 .av-image-caption-overlay-center{\ncolor:#ffffff;\n}\n<\/style>\n<div  class='avia-image-container av-lrhvkgnz-c56297e3330f73984ef10bdd76c65733 av-styling- av-hover-grayscale avia_animated_image av-animated-when-visible-95 av-rotateIn avia-align-center  avia-builder-el-11  el_after_av_hr  el_before_av_hr '   itemprop=\"image\" itemscope=\"itemscope\" itemtype=\"https:\/\/schema.org\/ImageObject\" ><div class=\"avia-image-container-inner\"><div class=\"avia-image-overlay-wrap\"><a href=\"https:\/\/api.whatsapp.com\/send\/?phone=34626315371&amp;text&amp;type=phone_number&amp;app_absent=0\" class='avia_image' target=\"_blank\" rel=\"noopener noreferrer\"><img decoding=\"async\" class='wp-image-821 avia-img-lazy-loading-not-821 avia_image ' src=\"https:\/\/ovellanegraramblas.com\/wp-content\/uploads\/2024\/01\/WhatsApp.svg-80x80-1.png\" alt='' title=''  height=\"80\" width=\"80\"  itemprop=\"thumbnailUrl\" srcset=\"https:\/\/ovellanegraramblas.com\/wp-content\/uploads\/2024\/01\/WhatsApp.svg-80x80-1.png 80w, https:\/\/ovellanegraramblas.com\/wp-content\/uploads\/2024\/01\/WhatsApp.svg-80x80-1-36x36.png 36w\" sizes=\"(max-width: 80px) 100vw, 80px\" \/><\/a><\/div><\/div><\/div><br \/>\n\n<style type=\"text\/css\" data-created_by=\"avia_inline_auto\" id=\"style-css-av-3hfp9-24f29f9cb149178db52938fcaf97bb28\">\n#top .hr.hr-invisible.av-3hfp9-24f29f9cb149178db52938fcaf97bb28{\nheight:50px;\n}\n<\/style>\n<div  class='hr av-3hfp9-24f29f9cb149178db52938fcaf97bb28 hr-invisible  avia-builder-el-12  el_after_av_image  avia-builder-el-last '><span class='hr-inner '><span class=\"hr-inner-style\"><\/span><\/span><\/div><\/p><\/div><div class='flex_column av-93aod-1c71d938a0dc209bdc387f81a4ab58b3 av_one_half  avia-builder-el-13  el_after_av_one_half  avia-builder-el-last  flex_column_div column-top-margin'     ><p>\n<style type=\"text\/css\" data-created_by=\"avia_inline_auto\" id=\"style-css-av-ltik99s4-79ef0f3c3924d19bb5aca2e352a75f8a\">\n#top .av-special-heading.av-ltik99s4-79ef0f3c3924d19bb5aca2e352a75f8a{\npadding-bottom:10px;\n}\nbody .av-special-heading.av-ltik99s4-79ef0f3c3924d19bb5aca2e352a75f8a .av-special-heading-tag .heading-char{\nfont-size:25px;\n}\n.av-special-heading.av-ltik99s4-79ef0f3c3924d19bb5aca2e352a75f8a .av-subheading{\nfont-size:15px;\n}\n<\/style>\n<div  class='av-special-heading av-ltik99s4-79ef0f3c3924d19bb5aca2e352a75f8a av-special-heading-h2 blockquote modern-quote  avia-builder-el-14  el_before_av_textblock  avia-builder-el-first '><h2 class='av-special-heading-tag'  itemprop=\"headline\"  >EVENTS ESPECIALS<\/h2><div class=\"special-heading-border\"><div class=\"special-heading-inner-border\"><\/div><\/div><\/div><br \/>\n<section  class='av_textblock_section av-ltik9it3-2a29f162a79a7924c82e8e75813a644a'  itemscope=\"itemscope\" itemtype=\"https:\/\/schema.org\/CreativeWork\" ><div class='avia_textblock'  itemprop=\"text\" ><p>Peticions de men\u00fa i events especials, omple el seg\u00fcent formulari:<\/p>\n<\/div><\/section><br \/>\n<form action=\"https:\/\/ovellanegraramblas.com\/ca\/reserves\/\" method=\"post\"  class=\"avia_ajax_form av-form-labels-visible   avia-builder-el-16  el_after_av_textblock  el_before_av_textblock   \" data-avia-form-id=\"1\" data-avia-redirect='' ><fieldset><p class='  first_form  form_element form_element_three_fourth' id='element_avia_1_1'><label for=\"avia_1_1\">Nom <abbr class=\"required\" title=\"obligatori\">*<\/abbr><\/label> <input name=\"avia_1_1\" class=\"text_input is_empty\" type=\"text\" id=\"avia_1_1\" value=\"\" \/><\/p><p class='  form_element form_element_fourth' id='element_avia_2_1'><label for=\"avia_2_1\">Persones <abbr class=\"required\" title=\"obligatori\">*<\/abbr><\/label> <input name=\"avia_2_1\" class=\"text_input is_number\" type=\"text\" id=\"avia_2_1\" value=\"\" \/><\/p><p class='  first_form  form_element form_element_half' id='element_avia_3_1'><label for=\"avia_3_1\">Correu electr\u00f2nic <abbr class=\"required\" title=\"obligatori\">*<\/abbr><\/label> <input name=\"avia_3_1\" class=\"text_input is_email\" type=\"text\" id=\"avia_3_1\" value=\"\" \/><\/p><p class='  form_element form_element_half' id='element_avia_4_1'><label for=\"avia_4_1\">Tel\u00e8fon <abbr class=\"required\" title=\"obligatori\">*<\/abbr><\/label> <input name=\"avia_4_1\" class=\"text_input is_empty\" type=\"text\" id=\"avia_4_1\" value=\"\" \/><\/p><p class='  first_form  form_element form_fullwidth' id='element_avia_5_1'><label for=\"avia_5_1\" class=\"textare_label hidden textare_label_avia_5_1\">Missatge <abbr class=\"required\" title=\"obligatori\">*<\/abbr><\/label><textarea  name=\"avia_5_1\" class=\"text_area is_empty\" cols=\"40\" rows=\"7\" id=\"avia_5_1\" ><\/textarea><\/p><p class=\"hidden\"><input type=\"text\" name=\"avia_6_1\" class=\"hidden \" id=\"avia_6_1\" value=\"\" \/><\/p><p class=' av_form_privacy_check av_contact_privacy_check first_form  form_element form_fullwidth' id='element_avia_7_1'><input  name=\"avia_7_1\" class=\"input_checkbox is_empty\" type=\"checkbox\" id=\"avia_7_1\" value=\"true\"\/><label class=\"input_checkbox_label\" for=\"avia_7_1\">Accepto els termes i condicions establerts a la <a href='https:\/\/ovellanegraramblas.com\/politica-de-privacidad\/' target='_blank' rel=\"noopener\">Pol\u00edtica de privadesa<\/a> <abbr class=\"required\" title=\"obligatori\">*<\/abbr><\/label><\/p><p class=\"form_element \"><input type=\"hidden\" value=\"1\" name=\"avia_generated_form1\" \/><input type=\"submit\" value=\"Enviar\" class=\"button\"  data-sending-label=\"Enviant\"\/><\/p><\/fieldset><\/form><div id=\"ajaxresponse_1\" class=\"ajaxresponse ajaxresponse_1 hidden\"><\/div><br \/>\n\n<style type=\"text\/css\" data-created_by=\"avia_inline_auto\" id=\"style-css-av-ltike9jf-16bb21bbb41fcf6ddeab84901db7d3d1\">\n#top .av_textblock_section.av-ltike9jf-16bb21bbb41fcf6ddeab84901db7d3d1 .avia_textblock{\ncolor:#ffffff;\n}\n<\/style>\n<section  class='av_textblock_section av-ltike9jf-16bb21bbb41fcf6ddeab84901db7d3d1'  itemscope=\"itemscope\" itemtype=\"https:\/\/schema.org\/CreativeWork\" ><div class='avia_textblock av_inherit_color'  itemprop=\"text\" ><p><strong>Reservar amb un m\u00ednim d\u2019una setmana d\u2019antel.laci\u00f3.<\/strong><\/p>\n<p><strong>L\u2019enviament del formulari no suposa reserva, us respondrem el m\u00e9s aviat possible.<\/strong><\/p>\n<\/div><\/section><\/p><\/div>\n","protected":false},"excerpt":{"rendered":"","protected":false},"author":1,"featured_media":0,"parent":0,"menu_order":0,"comment_status":"closed","ping_status":"closed","template":"","meta":{"footnotes":""},"class_list":["post-1249","page","type-page","status-publish","hentry"],"yoast_head":"<!-- This site is optimized with the Yoast SEO plugin v27.3 - https:\/\/yoast.com\/product\/yoast-seo-wordpress\/ -->\n<title>Reserves - Oveja Negra Ramblas<\/title>\n<meta name=\"description\" content=\"Reserva la teva experi\u00e8ncia a La Oveja Negra Ramblas. Troba el teu rac\u00f3 per a moments inoblidables i vine amb els teus amics a passar-ho b\u00e9.\" \/>\n<meta name=\"robots\" content=\"index, follow, max-snippet:-1, max-image-preview:large, max-video-preview:-1\" \/>\n<link rel=\"canonical\" href=\"https:\/\/ovellanegraramblas.com\/ca\/reserves\/\" \/>\n<meta property=\"og:locale\" content=\"ca_ES\" \/>\n<meta property=\"og:type\" content=\"article\" \/>\n<meta property=\"og:title\" content=\"Reserves - Oveja Negra Ramblas\" \/>\n<meta property=\"og:description\" content=\"Reserva la teva experi\u00e8ncia a La Oveja Negra Ramblas. Troba el teu rac\u00f3 per a moments inoblidables i vine amb els teus amics a passar-ho b\u00e9.\" \/>\n<meta property=\"og:url\" content=\"https:\/\/ovellanegraramblas.com\/ca\/reserves\/\" \/>\n<meta property=\"og:site_name\" content=\"Oveja Negra Ramblas\" \/>\n<meta property=\"article:modified_time\" content=\"2024-03-15T12:09:53+00:00\" \/>\n<meta name=\"twitter:card\" content=\"summary_large_image\" \/>\n<meta name=\"twitter:label1\" content=\"Temps estimat de lectura\" \/>\n\t<meta name=\"twitter:data1\" content=\"1 minut\" \/>\n<script type=\"application\/ld+json\" class=\"yoast-schema-graph\">{\"@context\":\"https:\\\/\\\/schema.org\",\"@graph\":[{\"@type\":\"WebPage\",\"@id\":\"https:\\\/\\\/ovellanegraramblas.com\\\/ca\\\/reserves\\\/\",\"url\":\"https:\\\/\\\/ovellanegraramblas.com\\\/ca\\\/reserves\\\/\",\"name\":\"Reserves - Oveja Negra Ramblas\",\"isPartOf\":{\"@id\":\"https:\\\/\\\/ovellanegraramblas.com\\\/ca\\\/#website\"},\"datePublished\":\"2017-10-13T15:47:17+00:00\",\"dateModified\":\"2024-03-15T12:09:53+00:00\",\"description\":\"Reserva la teva experi\u00e8ncia a La Oveja Negra Ramblas. Troba el teu rac\u00f3 per a moments inoblidables i vine amb els teus amics a passar-ho b\u00e9.\",\"breadcrumb\":{\"@id\":\"https:\\\/\\\/ovellanegraramblas.com\\\/ca\\\/reserves\\\/#breadcrumb\"},\"inLanguage\":\"ca\",\"potentialAction\":[{\"@type\":\"ReadAction\",\"target\":[\"https:\\\/\\\/ovellanegraramblas.com\\\/ca\\\/reserves\\\/\"]}]},{\"@type\":\"BreadcrumbList\",\"@id\":\"https:\\\/\\\/ovellanegraramblas.com\\\/ca\\\/reserves\\\/#breadcrumb\",\"itemListElement\":[{\"@type\":\"ListItem\",\"position\":1,\"name\":\"Portada\",\"item\":\"https:\\\/\\\/ovellanegraramblas.com\\\/ca\\\/inici\\\/\"},{\"@type\":\"ListItem\",\"position\":2,\"name\":\"Reserves\"}]},{\"@type\":\"WebSite\",\"@id\":\"https:\\\/\\\/ovellanegraramblas.com\\\/ca\\\/#website\",\"url\":\"https:\\\/\\\/ovellanegraramblas.com\\\/ca\\\/\",\"name\":\"Oveja Negra Ramblas\",\"description\":\"\",\"potentialAction\":[{\"@type\":\"SearchAction\",\"target\":{\"@type\":\"EntryPoint\",\"urlTemplate\":\"https:\\\/\\\/ovellanegraramblas.com\\\/ca\\\/?s={search_term_string}\"},\"query-input\":{\"@type\":\"PropertyValueSpecification\",\"valueRequired\":true,\"valueName\":\"search_term_string\"}}],\"inLanguage\":\"ca\"}]}<\/script>\n<!-- \/ Yoast SEO plugin. -->","yoast_head_json":{"title":"Reserves - Oveja Negra Ramblas","description":"Reserva la teva experi\u00e8ncia a La Oveja Negra Ramblas. Troba el teu rac\u00f3 per a moments inoblidables i vine amb els teus amics a passar-ho b\u00e9.","robots":{"index":"index","follow":"follow","max-snippet":"max-snippet:-1","max-image-preview":"max-image-preview:large","max-video-preview":"max-video-preview:-1"},"canonical":"https:\/\/ovellanegraramblas.com\/ca\/reserves\/","og_locale":"ca_ES","og_type":"article","og_title":"Reserves - Oveja Negra Ramblas","og_description":"Reserva la teva experi\u00e8ncia a La Oveja Negra Ramblas. Troba el teu rac\u00f3 per a moments inoblidables i vine amb els teus amics a passar-ho b\u00e9.","og_url":"https:\/\/ovellanegraramblas.com\/ca\/reserves\/","og_site_name":"Oveja Negra Ramblas","article_modified_time":"2024-03-15T12:09:53+00:00","twitter_card":"summary_large_image","twitter_misc":{"Temps estimat de lectura":"1 minut"},"schema":{"@context":"https:\/\/schema.org","@graph":[{"@type":"WebPage","@id":"https:\/\/ovellanegraramblas.com\/ca\/reserves\/","url":"https:\/\/ovellanegraramblas.com\/ca\/reserves\/","name":"Reserves - Oveja Negra Ramblas","isPartOf":{"@id":"https:\/\/ovellanegraramblas.com\/ca\/#website"},"datePublished":"2017-10-13T15:47:17+00:00","dateModified":"2024-03-15T12:09:53+00:00","description":"Reserva la teva experi\u00e8ncia a La Oveja Negra Ramblas. Troba el teu rac\u00f3 per a moments inoblidables i vine amb els teus amics a passar-ho b\u00e9.","breadcrumb":{"@id":"https:\/\/ovellanegraramblas.com\/ca\/reserves\/#breadcrumb"},"inLanguage":"ca","potentialAction":[{"@type":"ReadAction","target":["https:\/\/ovellanegraramblas.com\/ca\/reserves\/"]}]},{"@type":"BreadcrumbList","@id":"https:\/\/ovellanegraramblas.com\/ca\/reserves\/#breadcrumb","itemListElement":[{"@type":"ListItem","position":1,"name":"Portada","item":"https:\/\/ovellanegraramblas.com\/ca\/inici\/"},{"@type":"ListItem","position":2,"name":"Reserves"}]},{"@type":"WebSite","@id":"https:\/\/ovellanegraramblas.com\/ca\/#website","url":"https:\/\/ovellanegraramblas.com\/ca\/","name":"Oveja Negra Ramblas","description":"","potentialAction":[{"@type":"SearchAction","target":{"@type":"EntryPoint","urlTemplate":"https:\/\/ovellanegraramblas.com\/ca\/?s={search_term_string}"},"query-input":{"@type":"PropertyValueSpecification","valueRequired":true,"valueName":"search_term_string"}}],"inLanguage":"ca"}]}},"_links":{"self":[{"href":"https:\/\/ovellanegraramblas.com\/ca\/wp-json\/wp\/v2\/pages\/1249","targetHints":{"allow":["GET"]}}],"collection":[{"href":"https:\/\/ovellanegraramblas.com\/ca\/wp-json\/wp\/v2\/pages"}],"about":[{"href":"https:\/\/ovellanegraramblas.com\/ca\/wp-json\/wp\/v2\/types\/page"}],"author":[{"embeddable":true,"href":"https:\/\/ovellanegraramblas.com\/ca\/wp-json\/wp\/v2\/users\/1"}],"replies":[{"embeddable":true,"href":"https:\/\/ovellanegraramblas.com\/ca\/wp-json\/wp\/v2\/comments?post=1249"}],"version-history":[{"count":2,"href":"https:\/\/ovellanegraramblas.com\/ca\/wp-json\/wp\/v2\/pages\/1249\/revisions"}],"predecessor-version":[{"id":1339,"href":"https:\/\/ovellanegraramblas.com\/ca\/wp-json\/wp\/v2\/pages\/1249\/revisions\/1339"}],"wp:attachment":[{"href":"https:\/\/ovellanegraramblas.com\/ca\/wp-json\/wp\/v2\/media?parent=1249"}],"curies":[{"name":"wp","href":"https:\/\/api.w.org\/{rel}","templated":true}]}}