{"id":1248,"date":"2017-10-17T13:10:33","date_gmt":"2017-10-17T12:10:33","guid":{"rendered":"https:\/\/ovellanegraramblas.com\/localizacion\/"},"modified":"2024-03-15T13:24:57","modified_gmt":"2024-03-15T12:24:57","slug":"location","status":"publish","type":"page","link":"https:\/\/ovellanegraramblas.com\/en\/location\/","title":{"rendered":"Location"},"content":{"rendered":"\n<style type=\"text\/css\" data-created_by=\"avia_inline_auto\" id=\"style-css-av-lrhwr0ys-cfbdbd6332d43fc2ff3db660d380feea\">\n.avia-section.av-lrhwr0ys-cfbdbd6332d43fc2ff3db660d380feea{\nbackground-repeat:no-repeat;\nbackground-image:url(https:\/\/ovellanegraramblas.com\/wp-content\/uploads\/2024\/01\/Localizacion.jpg);\nbackground-position:50% 50%;\nbackground-attachment:scroll;\n}\n.avia-section.av-lrhwr0ys-cfbdbd6332d43fc2ff3db660d380feea .av-section-color-overlay{\nopacity:0.4;\nbackground-color:#000000;\n}\n<\/style>\n<div id='av_section_1'  class='avia-section av-lrhwr0ys-cfbdbd6332d43fc2ff3db660d380feea main_color avia-section-huge avia-no-border-styling  avia-builder-el-0  el_before_av_section  avia-builder-el-first  avia-full-stretch avia-bg-style-scroll av-section-color-overlay-active container_wrap fullsize'  data-section-bg-repeat='stretch'><div class=\"av-section-color-overlay-wrap\"><div class=\"av-section-color-overlay\"><\/div><div class='container av-section-cont-open' ><main  role=\"main\" itemprop=\"mainContentOfPage\"  class='template-page content  av-content-full alpha units'><div class='post-entry post-entry-type-page post-entry-1248'><div class='entry-content-wrapper clearfix'>\n\n<style type=\"text\/css\" data-created_by=\"avia_inline_auto\" id=\"style-css-av-lrhwrdr2-83a3aa022bd68d164b9e59027669cb71\">\n#top .av-special-heading.av-lrhwrdr2-83a3aa022bd68d164b9e59027669cb71{\npadding-bottom:0;\nfont-size:90px;\n}\nbody .av-special-heading.av-lrhwrdr2-83a3aa022bd68d164b9e59027669cb71 .av-special-heading-tag .heading-char{\nfont-size:25px;\n}\n#top #wrap_all .av-special-heading.av-lrhwrdr2-83a3aa022bd68d164b9e59027669cb71 .av-special-heading-tag{\nfont-size:90px;\n}\n.av-special-heading.av-lrhwrdr2-83a3aa022bd68d164b9e59027669cb71 .av-subheading{\nfont-size:15px;\n}\n\n@media only screen and (min-width: 480px) and (max-width: 767px){ \n#top #wrap_all .av-special-heading.av-lrhwrdr2-83a3aa022bd68d164b9e59027669cb71 .av-special-heading-tag{\nfont-size:0.8em;\n}\n}\n\n@media only screen and (max-width: 479px){ \n#top #wrap_all .av-special-heading.av-lrhwrdr2-83a3aa022bd68d164b9e59027669cb71 .av-special-heading-tag{\nfont-size:0.8em;\n}\n}\n<\/style>\n<div  class='av-special-heading av-lrhwrdr2-83a3aa022bd68d164b9e59027669cb71 av-special-heading-h3 blockquote modern-quote modern-centered  avia-builder-el-1  avia-builder-el-no-sibling  av-inherit-size'><h3 class='av-special-heading-tag'  itemprop=\"headline\"  >Location<\/h3><div class=\"special-heading-border\"><div class=\"special-heading-inner-border\"><\/div><\/div><\/div>\n\n<\/div><\/div><\/main><!-- close content main element --><\/div><\/div><\/div>\n<style type=\"text\/css\" data-created_by=\"avia_inline_auto\" id=\"style-css-av-ksquq-770a5e234f9834cf7b4c7083a37f21c8\">\n.avia-section.av-ksquq-770a5e234f9834cf7b4c7083a37f21c8{\nbackground-color:#ffffff;\nbackground-image:unset;\n}\n<\/style>\n<div id='av_section_2'  class='avia-section av-ksquq-770a5e234f9834cf7b4c7083a37f21c8 main_color avia-section-default avia-no-border-styling  avia-builder-el-2  el_after_av_section  avia-builder-el-last  avia-bg-style-scroll container_wrap fullsize'  ><div class='container av-section-cont-open' ><div class='template-page content  av-content-full alpha units'><div class='post-entry post-entry-type-page post-entry-1248'><div class='entry-content-wrapper clearfix'>\n<div class='flex_column av-1ge6i-4c15a759ac056a265291031536558248 av_one_half  avia-builder-el-3  el_before_av_one_half  avia-builder-el-first  first flex_column_div '     ><p>\n<style type=\"text\/css\" data-created_by=\"avia_inline_auto\" id=\"style-css-av-lrhwt1ts-f709c4a16fb9ed99bf441641fd82ec48\">\n#top .av-special-heading.av-lrhwt1ts-f709c4a16fb9ed99bf441641fd82ec48{\npadding-bottom:10px;\ncolor:#000000;\n}\nbody .av-special-heading.av-lrhwt1ts-f709c4a16fb9ed99bf441641fd82ec48 .av-special-heading-tag .heading-char{\nfont-size:25px;\n}\n.av-special-heading.av-lrhwt1ts-f709c4a16fb9ed99bf441641fd82ec48 .special-heading-inner-border{\nborder-color:#000000;\n}\n.av-special-heading.av-lrhwt1ts-f709c4a16fb9ed99bf441641fd82ec48 .av-subheading{\nfont-size:15px;\n}\n<\/style>\n<div  class='av-special-heading av-lrhwt1ts-f709c4a16fb9ed99bf441641fd82ec48 av-special-heading-h2 custom-color-heading blockquote modern-quote  avia-builder-el-4  el_before_av_textblock  avia-builder-el-first '><h2 class='av-special-heading-tag'  itemprop=\"headline\"  >COME HAVE A GOOD TIME<\/h2><div class=\"special-heading-border\"><div class=\"special-heading-inner-border\"><\/div><\/div><\/div><br \/>\n\n<style type=\"text\/css\" data-created_by=\"avia_inline_auto\" id=\"style-css-av-lrhwtg43-afee55c127c4f174b38f5fdf7fe6e4ae\">\n#top .av_textblock_section.av-lrhwtg43-afee55c127c4f174b38f5fdf7fe6e4ae .avia_textblock{\ncolor:#000000;\n}\n<\/style>\n<section  class='av_textblock_section av-lrhwtg43-afee55c127c4f174b38f5fdf7fe6e4ae'  itemscope=\"itemscope\" itemtype=\"https:\/\/schema.org\/CreativeWork\" ><div class='avia_textblock av_inherit_color'  itemprop=\"text\" ><p>Where every celebration comes to life: your destination of joy in Barcelona.<\/p>\n<blockquote>\n<p><strong>Address: <\/strong>5, Sitges St. Barcelona<\/p>\n<p><strong>Metro stops:<\/strong>\u00a0Pla\u00e7a Catalunya (L\u00ednea 1 y L\u00ednea 3).<\/p>\n<p><strong>Renfe stop:<\/strong> Pla\u00e7a Catalunya.<\/p>\n<\/blockquote>\n<p>For more information you can call us at<\/p>\n<blockquote>\n<p><strong>Phone: <\/strong>93 317 10 87<\/p>\n<\/blockquote>\n<p>Join the party at our unique location and let the excitement take you away!<\/p>\n<\/div><\/section><\/p><\/div><div class='flex_column av-85rzu-6aeea4f11672aef18bf1cd83e5542488 av_one_half  avia-builder-el-6  el_after_av_one_half  avia-builder-el-last  flex_column_div avia-link-column av-column-link '    data-link-column-url=\"https:\/\/www.google.es\/maps\/place\/Oveja+Negra+Ramblas\/@41.3844098,2.1697403,20.5z\/data=!4m15!1m8!3m7!1s0x12a4a2f420741ba3:0xb24f041c54e8d05b!2sCarrer+de+les+Sitges,+5,+Ciutat+Vella,+08001+Barcelona!3b1!8m2!3d41.3844287!4d2.1694758!16s%2Fg%2F11ckqp4rfj!3m5!1s0x12a4a2f69e4788df:0x8b252253f67ee52a!8m2!3d41.3844502!4d2.1695677!16s%2Fg%2F1tndgg8b?entry=ttu\"  data-link-column-target=\"_blank\"   ><a class=\"av-screen-reader-only\" href=\"https:\/\/www.google.es\/maps\/place\/Oveja+Negra+Ramblas\/@41.3844098,2.1697403,20.5z\/data=!4m15!1m8!3m7!1s0x12a4a2f420741ba3:0xb24f041c54e8d05b!2sCarrer+de+les+Sitges,+5,+Ciutat+Vella,+08001+Barcelona!3b1!8m2!3d41.3844287!4d2.1694758!16s%2Fg%2F11ckqp4rfj!3m5!1s0x12a4a2f69e4788df:0x8b252253f67ee52a!8m2!3d41.3844502!4d2.1695677!16s%2Fg%2F1tndgg8b?entry=ttu\" target=\"_blank\" rel=\"noopener\">Follow a manual added link<\/a><div  class='av_gmaps_sc_main_wrap av_gmaps_main_wrap '><div id='av_gmap_0' class='avia-google-map-container avia-google-map-sc av_gmaps_show_unconditionally av-no-fallback-img ' data-mapid='av_gmap_0'  style='height: 400px;'><a class=\"av_gmaps_browser_disabled av_text_confirm_link av_text_confirm_link_visible\" href=\"https:\/\/www.google.com\/maps\/search\/?api=1&#038;query=calle%20sitges%205%2008001%20Barcelona%20Barcelona%20%20Espa\u00f1a\" target=\"_blank\" rel=\"noopener\">Maps were disabled by the visitor on this site. Click to open the map in a new window.<\/a><\/div><\/div><\/div>\n","protected":false},"excerpt":{"rendered":"","protected":false},"author":1,"featured_media":0,"parent":0,"menu_order":0,"comment_status":"closed","ping_status":"closed","template":"","meta":{"footnotes":""},"class_list":["post-1248","page","type-page","status-publish","hentry"],"yoast_head":"<!-- This site is optimized with the Yoast SEO plugin v27.3 - https:\/\/yoast.com\/product\/yoast-seo-wordpress\/ -->\n<title>Location - Oveja Negra Ramblas<\/title>\n<meta name=\"description\" content=\"Location of La Oveja Negra Ramblas in Barcelona. Find us and enjoy unforgettable moments in the heart of the city.\" \/>\n<meta name=\"robots\" content=\"index, follow, max-snippet:-1, max-image-preview:large, max-video-preview:-1\" \/>\n<link rel=\"canonical\" href=\"https:\/\/ovellanegraramblas.com\/en\/location\/\" \/>\n<meta property=\"og:locale\" content=\"en_US\" \/>\n<meta property=\"og:type\" content=\"article\" \/>\n<meta property=\"og:title\" content=\"Location - Oveja Negra Ramblas\" \/>\n<meta property=\"og:description\" content=\"Location of La Oveja Negra Ramblas in Barcelona. Find us and enjoy unforgettable moments in the heart of the city.\" \/>\n<meta property=\"og:url\" content=\"https:\/\/ovellanegraramblas.com\/en\/location\/\" \/>\n<meta property=\"og:site_name\" content=\"Oveja Negra Ramblas\" \/>\n<meta property=\"article:modified_time\" content=\"2024-03-15T12:24:57+00:00\" \/>\n<meta name=\"twitter:card\" content=\"summary_large_image\" \/>\n<meta name=\"twitter:label1\" content=\"Est. reading time\" \/>\n\t<meta name=\"twitter:data1\" content=\"1 minute\" \/>\n<script type=\"application\/ld+json\" class=\"yoast-schema-graph\">{\"@context\":\"https:\\\/\\\/schema.org\",\"@graph\":[{\"@type\":\"WebPage\",\"@id\":\"https:\\\/\\\/ovellanegraramblas.com\\\/en\\\/location\\\/\",\"url\":\"https:\\\/\\\/ovellanegraramblas.com\\\/en\\\/location\\\/\",\"name\":\"Location - Oveja Negra Ramblas\",\"isPartOf\":{\"@id\":\"https:\\\/\\\/ovellanegraramblas.com\\\/en\\\/#website\"},\"datePublished\":\"2017-10-17T12:10:33+00:00\",\"dateModified\":\"2024-03-15T12:24:57+00:00\",\"description\":\"Location of La Oveja Negra Ramblas in Barcelona. Find us and enjoy unforgettable moments in the heart of the city.\",\"breadcrumb\":{\"@id\":\"https:\\\/\\\/ovellanegraramblas.com\\\/en\\\/location\\\/#breadcrumb\"},\"inLanguage\":\"en-US\",\"potentialAction\":[{\"@type\":\"ReadAction\",\"target\":[\"https:\\\/\\\/ovellanegraramblas.com\\\/en\\\/location\\\/\"]}]},{\"@type\":\"BreadcrumbList\",\"@id\":\"https:\\\/\\\/ovellanegraramblas.com\\\/en\\\/location\\\/#breadcrumb\",\"itemListElement\":[{\"@type\":\"ListItem\",\"position\":1,\"name\":\"Portada\",\"item\":\"https:\\\/\\\/ovellanegraramblas.com\\\/en\\\/home\\\/\"},{\"@type\":\"ListItem\",\"position\":2,\"name\":\"Location\"}]},{\"@type\":\"WebSite\",\"@id\":\"https:\\\/\\\/ovellanegraramblas.com\\\/en\\\/#website\",\"url\":\"https:\\\/\\\/ovellanegraramblas.com\\\/en\\\/\",\"name\":\"Oveja Negra Ramblas\",\"description\":\"\",\"potentialAction\":[{\"@type\":\"SearchAction\",\"target\":{\"@type\":\"EntryPoint\",\"urlTemplate\":\"https:\\\/\\\/ovellanegraramblas.com\\\/en\\\/?s={search_term_string}\"},\"query-input\":{\"@type\":\"PropertyValueSpecification\",\"valueRequired\":true,\"valueName\":\"search_term_string\"}}],\"inLanguage\":\"en-US\"}]}<\/script>\n<!-- \/ Yoast SEO plugin. -->","yoast_head_json":{"title":"Location - Oveja Negra Ramblas","description":"Location of La Oveja Negra Ramblas in Barcelona. Find us and enjoy unforgettable moments in the heart of the city.","robots":{"index":"index","follow":"follow","max-snippet":"max-snippet:-1","max-image-preview":"max-image-preview:large","max-video-preview":"max-video-preview:-1"},"canonical":"https:\/\/ovellanegraramblas.com\/en\/location\/","og_locale":"en_US","og_type":"article","og_title":"Location - Oveja Negra Ramblas","og_description":"Location of La Oveja Negra Ramblas in Barcelona. Find us and enjoy unforgettable moments in the heart of the city.","og_url":"https:\/\/ovellanegraramblas.com\/en\/location\/","og_site_name":"Oveja Negra Ramblas","article_modified_time":"2024-03-15T12:24:57+00:00","twitter_card":"summary_large_image","twitter_misc":{"Est. reading time":"1 minute"},"schema":{"@context":"https:\/\/schema.org","@graph":[{"@type":"WebPage","@id":"https:\/\/ovellanegraramblas.com\/en\/location\/","url":"https:\/\/ovellanegraramblas.com\/en\/location\/","name":"Location - Oveja Negra Ramblas","isPartOf":{"@id":"https:\/\/ovellanegraramblas.com\/en\/#website"},"datePublished":"2017-10-17T12:10:33+00:00","dateModified":"2024-03-15T12:24:57+00:00","description":"Location of La Oveja Negra Ramblas in Barcelona. Find us and enjoy unforgettable moments in the heart of the city.","breadcrumb":{"@id":"https:\/\/ovellanegraramblas.com\/en\/location\/#breadcrumb"},"inLanguage":"en-US","potentialAction":[{"@type":"ReadAction","target":["https:\/\/ovellanegraramblas.com\/en\/location\/"]}]},{"@type":"BreadcrumbList","@id":"https:\/\/ovellanegraramblas.com\/en\/location\/#breadcrumb","itemListElement":[{"@type":"ListItem","position":1,"name":"Portada","item":"https:\/\/ovellanegraramblas.com\/en\/home\/"},{"@type":"ListItem","position":2,"name":"Location"}]},{"@type":"WebSite","@id":"https:\/\/ovellanegraramblas.com\/en\/#website","url":"https:\/\/ovellanegraramblas.com\/en\/","name":"Oveja Negra Ramblas","description":"","potentialAction":[{"@type":"SearchAction","target":{"@type":"EntryPoint","urlTemplate":"https:\/\/ovellanegraramblas.com\/en\/?s={search_term_string}"},"query-input":{"@type":"PropertyValueSpecification","valueRequired":true,"valueName":"search_term_string"}}],"inLanguage":"en-US"}]}},"_links":{"self":[{"href":"https:\/\/ovellanegraramblas.com\/en\/wp-json\/wp\/v2\/pages\/1248","targetHints":{"allow":["GET"]}}],"collection":[{"href":"https:\/\/ovellanegraramblas.com\/en\/wp-json\/wp\/v2\/pages"}],"about":[{"href":"https:\/\/ovellanegraramblas.com\/en\/wp-json\/wp\/v2\/types\/page"}],"author":[{"embeddable":true,"href":"https:\/\/ovellanegraramblas.com\/en\/wp-json\/wp\/v2\/users\/1"}],"replies":[{"embeddable":true,"href":"https:\/\/ovellanegraramblas.com\/en\/wp-json\/wp\/v2\/comments?post=1248"}],"version-history":[{"count":2,"href":"https:\/\/ovellanegraramblas.com\/en\/wp-json\/wp\/v2\/pages\/1248\/revisions"}],"predecessor-version":[{"id":1347,"href":"https:\/\/ovellanegraramblas.com\/en\/wp-json\/wp\/v2\/pages\/1248\/revisions\/1347"}],"wp:attachment":[{"href":"https:\/\/ovellanegraramblas.com\/en\/wp-json\/wp\/v2\/media?parent=1248"}],"curies":[{"name":"wp","href":"https:\/\/api.w.org\/{rel}","templated":true}]}}